{"id":81,"date":"2024-09-07T19:15:59","date_gmt":"2024-09-07T17:15:59","guid":{"rendered":"https:\/\/ascom.klodzko.pl\/?page_id=81"},"modified":"2024-12-27T22:47:26","modified_gmt":"2024-12-27T21:47:26","slug":"tworzenie-nowoczesnych-stron-internetowych","status":"publish","type":"page","link":"https:\/\/ascom.klodzko.pl\/index.php\/tworzenie-nowoczesnych-stron-internetowych\/","title":{"rendered":"Tworzenie nowoczesnych stron internetowych"},"content":{"rendered":"\n<h3 class=\"wp-block-heading\">Po co mi strona internetowa? <\/h3>\n\n\n\n<p>W XXI wieku posiadanie strony to nie tylko obowi\u0105zkowy element &#8222;modnego&#8221; wizerunku, ale prawdziwa wizyt\u00f3wka twojej osoby i firmy. To spos\u00f3b, w jaki potencjalni klienci b\u0119d\u0105 ci\u0119 postrzega\u0107 \u2013 a jak wiadomo, pierwsze wra\u017cenie mo\u017cna zrobi\u0107 tylko raz. Dlatego warto zadba\u0107 o to, by twoja strona wygl\u0105da\u0142a profesjonalnie i nowocze\u015bnie. W tym pomo\u017cemy ci my \u2013 eksperci z ASCOM!<\/p>\n\n\n\n<p>Zamiast marnowa\u0107 czas na tworzenie strony samodzielnie (i ryzykowa\u0107, \u017ce tw\u00f3j komputer zmieni si\u0119 w \u201ekreatywn\u0105\u201d grz\u0119d\u0119), zle\u0107 to profesjonalistom. <\/p>\n\n\n\n<p>Stworzymy stron\u0119, kt\u00f3ra b\u0119dzie spe\u0142nia\u0142a wszystkie twoje oczekiwania, a przy tym zrobimy to szybko i skutecznie. Pomo\u017cemy ci tak\u017ce z ca\u0142ym zapleczem \u2013 od zakupu hostingu, przez domen\u0119, po certyfikat SSL. Co wi\u0119cej, je\u015bli chcesz mie\u0107 maila z w\u0142asn\u0105 domen\u0105 (bo przecie\u017c @gmail.com to ju\u017c troch\u0119 pass\u00e9), zrobimy to dla ciebie.<\/p>\n\n\n\n<hr class=\"wp-block-separator has-alpha-channel-opacity\" style=\"margin-top:var(--wp--preset--spacing--30);margin-bottom:var(--wp--preset--spacing--30)\"\/>\n\n\n\n<h3 class=\"wp-block-heading\">A co, je\u015bli masz ju\u017c stron\u0119, ale czujesz, \u017ce jej wygl\u0105d zatrzyma\u0142 si\u0119 gdzie\u015b w 2010 roku? <\/h3>\n\n\n\n<p>Kiedy ostatni raz widzia\u0142e\u015b swoj\u0105 stron\u0119 w telefonie? Je\u015bli odpowied\u017a brzmi \u201eA co to jest responsywno\u015b\u0107?\u201d, czas na modernizacj\u0119! Pomo\u017cemy ci przekszta\u0142ci\u0107 \u201eprehistoryczn\u0105\u201d stron\u0119 w nowoczesne dzie\u0142o sztuki, kt\u00f3re b\u0119dzie dzia\u0142a\u0107 na ka\u017cdym urz\u0105dzeniu i w ka\u017cdej przegl\u0105darki.<\/p>\n\n\n\n<p>Nie zwlekaj, zaufaj ekspertom, kt\u00f3rzy zamiast rysowa\u0107 na kartce, potrafi\u0105 stworzy\u0107 stron\u0119, kt\u00f3ra zrobi wra\u017cenie na ka\u017cdym!<\/p>\n","protected":false},"excerpt":{"rendered":"<p>Po co mi strona internetowa? W XXI wieku posiadanie strony to nie tylko obowi\u0105zkowy element &#8222;modnego&#8221; wizerunku, ale prawdziwa wizyt\u00f3wka twojej osoby i firmy. To spos\u00f3b, w jaki potencjalni klienci b\u0119d\u0105 ci\u0119 postrzega\u0107 \u2013 a jak wiadomo, pierwsze wra\u017cenie mo\u017cna zrobi\u0107 tylko raz. Dlatego warto zadba\u0107 o to, by twoja strona wygl\u0105da\u0142a profesjonalnie i nowocze\u015bnie. [&hellip;]<\/p>\n","protected":false},"author":2,"featured_media":0,"parent":0,"menu_order":0,"comment_status":"closed","ping_status":"closed","template":"","meta":{"footnotes":""},"class_list":["post-81","page","type-page","status-publish","hentry"],"_links":{"self":[{"href":"https:\/\/ascom.klodzko.pl\/index.php\/wp-json\/wp\/v2\/pages\/81","targetHints":{"allow":["GET"]}}],"collection":[{"href":"https:\/\/ascom.klodzko.pl\/index.php\/wp-json\/wp\/v2\/pages"}],"about":[{"href":"https:\/\/ascom.klodzko.pl\/index.php\/wp-json\/wp\/v2\/types\/page"}],"author":[{"embeddable":true,"href":"https:\/\/ascom.klodzko.pl\/index.php\/wp-json\/wp\/v2\/users\/2"}],"replies":[{"embeddable":true,"href":"https:\/\/ascom.klodzko.pl\/index.php\/wp-json\/wp\/v2\/comments?post=81"}],"version-history":[{"count":8,"href":"https:\/\/ascom.klodzko.pl\/index.php\/wp-json\/wp\/v2\/pages\/81\/revisions"}],"predecessor-version":[{"id":163,"href":"https:\/\/ascom.klodzko.pl\/index.php\/wp-json\/wp\/v2\/pages\/81\/revisions\/163"}],"wp:attachment":[{"href":"https:\/\/ascom.klodzko.pl\/index.php\/wp-json\/wp\/v2\/media?parent=81"}],"curies":[{"name":"wp","href":"https:\/\/api.w.org\/{rel}","templated":true}]}}