{"id":77,"date":"2024-09-07T19:15:20","date_gmt":"2024-09-07T17:15:20","guid":{"rendered":"https:\/\/ascom.klodzko.pl\/?page_id=77"},"modified":"2024-12-27T22:42:49","modified_gmt":"2024-12-27T21:42:49","slug":"wsparcie-i-obsluga-informatyczna-firm","status":"publish","type":"page","link":"https:\/\/ascom.klodzko.pl\/index.php\/wsparcie-i-obsluga-informatyczna-firm\/","title":{"rendered":"Wsparcie i kompleksowa obs\u0142uga informatyczna firm"},"content":{"rendered":"\n<p>Czujesz si\u0119 przyt\u0142oczony gigantyczn\u0105 g\u00f3r\u0105 zada\u0144 zwi\u0105zanych z IT, kt\u00f3re przychodz\u0105 z prowadzeniem nowoczesnej firmy? Serwery, us\u0142ugi, hostingi \u2013 ka\u017cdy z tych termin\u00f3w brzmi jak co\u015b, czym nie chcesz si\u0119 zajmowa\u0107, prawda? A te wszystkie techniczne zawi\u0142o\u015bci, kt\u00f3re wci\u0105\u017c zdaj\u0105 si\u0119 mno\u017cy\u0107 w niesko\u0144czono\u015b\u0107? To nic dziwnego \u2013 nadzorowanie takich spraw samodzielnie to jak pr\u00f3ba ogrania gry komputerowej na najwy\u017cszym poziomie trudno\u015bci, kiedy masz ju\u017c do\u015b\u0107 samego \u017cycia! Czasami masz wra\u017cenie, \u017ce gdyby\u015b mia\u0142 dodatkowe dwie r\u0119ce i osiem godzin wi\u0119cej w ci\u0105gu dnia, i tak nie uda\u0142oby ci si\u0119 zapanowa\u0107 nad ca\u0142\u0105 t\u0105 techniczn\u0105 d\u017cungl\u0105?<\/p>\n\n\n\n<p>Zamiast walczy\u0107 z niewidzialnym wrogiem w postaci problem\u00f3w informatycznych, oddaj te zadania w r\u0119ce profesjonalist\u00f3w, kt\u00f3rzy na co dzie\u0144 \u017cyj\u0105 w \u015bwiecie serwer\u00f3w i hosting\u00f3w. Mamy wieloletnie do\u015bwiadczenie w bran\u017cy IT, wi\u0119c nasze \u017cycie to nieustanny taniec z pikselami, bajtami i kodem. Zajmiemy si\u0119 wszystkim, co zwi\u0105zane z twoj\u0105 infrastruktur\u0105 IT \u2013 od monitorowania i zarz\u0105dzania serwerami, przez rozwi\u0105zywanie wszelkich problem\u00f3w technicznych, a\u017c po optymalizacj\u0119 us\u0142ug i zapewnianie bezpiecze\u0144stwa danych, jak superbohaterowie w pelerynach (oczywi\u015bcie, bez peleryn, ale z pe\u0142nym profesjonalizmem).<\/p>\n\n\n\n<p>Ty mo\u017cesz w tym czasie skupi\u0107 si\u0119 na tym, co naprawd\u0119 kochasz \u2013 rozwoju swojej firmy i realizacji wielkich, ambitnych cel\u00f3w. Przestaniesz traci\u0107 czas na nieko\u0144cz\u0105ce si\u0119 rozmowy o tym, dlaczego Tw\u00f3j serwer w\u0142a\u015bnie znikn\u0105\u0142 z sieci, a Tw\u00f3j hosting postanowi\u0142 zrobi\u0107 sobie wolne. Zamiast tego b\u0119dziesz m\u00f3g\u0142 z u\u015bmiechem patrze\u0107, jak Tw\u00f3j biznes rozwija si\u0119 w szybkim tempie, bez obaw o to, \u017ce \u201eco\u015b\u201d w tle mo\u017ce si\u0119 zepsu\u0107.<\/p>\n\n\n\n<p>Zapomnij o nocnych posiedzeniach wpatruj\u0105c si\u0119 w ekran komputera, pr\u00f3buj\u0105c naprawi\u0107 co\u015b, czego nie rozumiesz \u2013 my przejmujemy te techniczne klocki, a Ty masz pe\u0142en komfort pracy. Nasz zesp\u00f3\u0142 b\u0119dzie czuwa\u0142 nad wszystkim, \u017ceby\u015b Ty m\u00f3g\u0142 po prostu dzia\u0142a\u0107. Masz pytania? Chcesz pozna\u0107 szczeg\u00f3\u0142y naszej oferty? A mo\u017ce po prostu potrzebujesz wyceny? Skontaktuj si\u0119 z nami! Z przyjemno\u015bci\u0105 odpowiemy na ka\u017cde pytanie i przygotujemy rozwi\u0105zanie, kt\u00f3re b\u0119dzie idealnie pasowa\u0107 do Twojej firmy. Razem rozwi\u0105\u017cemy wszystkie IT-owe problemy \u2013 Ty si\u0119 skupisz na biznesie, a my na technologii!<\/p>\n","protected":false},"excerpt":{"rendered":"<p>Czujesz si\u0119 przyt\u0142oczony gigantyczn\u0105 g\u00f3r\u0105 zada\u0144 zwi\u0105zanych z IT, kt\u00f3re przychodz\u0105 z prowadzeniem nowoczesnej firmy? Serwery, us\u0142ugi, hostingi \u2013 ka\u017cdy z tych termin\u00f3w brzmi jak co\u015b, czym nie chcesz si\u0119 zajmowa\u0107, prawda? A te wszystkie techniczne zawi\u0142o\u015bci, kt\u00f3re wci\u0105\u017c zdaj\u0105 si\u0119 mno\u017cy\u0107 w niesko\u0144czono\u015b\u0107? To nic dziwnego \u2013 nadzorowanie takich spraw samodzielnie to jak pr\u00f3ba [&hellip;]<\/p>\n","protected":false},"author":2,"featured_media":0,"parent":0,"menu_order":0,"comment_status":"closed","ping_status":"closed","template":"","meta":{"footnotes":""},"class_list":["post-77","page","type-page","status-publish","hentry"],"_links":{"self":[{"href":"https:\/\/ascom.klodzko.pl\/index.php\/wp-json\/wp\/v2\/pages\/77","targetHints":{"allow":["GET"]}}],"collection":[{"href":"https:\/\/ascom.klodzko.pl\/index.php\/wp-json\/wp\/v2\/pages"}],"about":[{"href":"https:\/\/ascom.klodzko.pl\/index.php\/wp-json\/wp\/v2\/types\/page"}],"author":[{"embeddable":true,"href":"https:\/\/ascom.klodzko.pl\/index.php\/wp-json\/wp\/v2\/users\/2"}],"replies":[{"embeddable":true,"href":"https:\/\/ascom.klodzko.pl\/index.php\/wp-json\/wp\/v2\/comments?post=77"}],"version-history":[{"count":5,"href":"https:\/\/ascom.klodzko.pl\/index.php\/wp-json\/wp\/v2\/pages\/77\/revisions"}],"predecessor-version":[{"id":160,"href":"https:\/\/ascom.klodzko.pl\/index.php\/wp-json\/wp\/v2\/pages\/77\/revisions\/160"}],"wp:attachment":[{"href":"https:\/\/ascom.klodzko.pl\/index.php\/wp-json\/wp\/v2\/media?parent=77"}],"curies":[{"name":"wp","href":"https:\/\/api.w.org\/{rel}","templated":true}]}}