{"id":75,"date":"2024-09-07T19:14:49","date_gmt":"2024-09-07T17:14:49","guid":{"rendered":"https:\/\/ascom.klodzko.pl\/?page_id=75"},"modified":"2024-12-27T22:37:37","modified_gmt":"2024-12-27T21:37:37","slug":"naprawa-konserwacja-modernizacja-komputerow-i-laptopow","status":"publish","type":"page","link":"https:\/\/ascom.klodzko.pl\/index.php\/naprawa-konserwacja-modernizacja-komputerow-i-laptopow\/","title":{"rendered":"Naprawa, konserwacja, modernizacja komputer\u00f3w i laptop\u00f3w"},"content":{"rendered":"\n<p>Masz wra\u017cenie, \u017ce tw\u00f3j komputer zacz\u0105\u0142 pracowa\u0107 jak \u017c\u00f3\u0142w na wakacjach? A mo\u017ce nagle odm\u00f3wi\u0142 pos\u0142usze\u0144stwa, jakby mia\u0142 w\u0142asne zdanie na temat pracy? Niezale\u017cnie od tego, czy to tylko chwilowy kaprys, czy powa\u017cniejsza awaria, warto powierzy\u0107 swojego \u201ckomputerkowego przyjaciela\u201d w r\u0119ce ekspert\u00f3w. <\/p>\n\n\n\n<p>Nasi specjali\u015bci, wyposa\u017ceni w narz\u0119dzia tak zaawansowane, \u017ce mogliby naprawi\u0107 nie tylko komputer, ale i ca\u0142y internet, dok\u0142adnie sprawdz\u0105, co si\u0119 dzieje z twoim sprz\u0119tem. W mig odkryj\u0105, gdzie tkwi problem, a po skrupulatnej diagnozie przyst\u0105pi\u0105 do naprawy. Dzi\u0119ki nam tw\u00f3j komputer odzyska form\u0119 i zn\u00f3w b\u0119dzie dzia\u0142a\u0107 jak marzenie \u2013 szybko, sprawnie i bez awarii. <\/p>\n\n\n\n<p>Nie musisz si\u0119 martwi\u0107, \u017ce co\u015b p\u00f3jdzie nie tak \u2013 nasi fachowcy to prawdziwi mistrzowie w swoim fachu. Zatem nie tra\u0107 czasu na frustracj\u0119, daj nam sw\u00f3j komputer, a my sprawimy, \u017ce zn\u00f3w b\u0119dzie chodzi\u0142 jak Ferrari w\u015br\u00f3d laptop\u00f3w. Zaufaj nam \u2013 po naszej wizycie tw\u00f3j komputer b\u0119dzie dzia\u0142a\u0142 lepiej ni\u017c kiedykolwiek!<\/p>\n\n\n\n<p><\/p>\n\n\n\n<p><\/p>\n","protected":false},"excerpt":{"rendered":"<p>Masz wra\u017cenie, \u017ce tw\u00f3j komputer zacz\u0105\u0142 pracowa\u0107 jak \u017c\u00f3\u0142w na wakacjach? A mo\u017ce nagle odm\u00f3wi\u0142 pos\u0142usze\u0144stwa, jakby mia\u0142 w\u0142asne zdanie na temat pracy? Niezale\u017cnie od tego, czy to tylko chwilowy kaprys, czy powa\u017cniejsza awaria, warto powierzy\u0107 swojego \u201ckomputerkowego przyjaciela\u201d w r\u0119ce ekspert\u00f3w. Nasi specjali\u015bci, wyposa\u017ceni w narz\u0119dzia tak zaawansowane, \u017ce mogliby naprawi\u0107 nie tylko komputer, [&hellip;]<\/p>\n","protected":false},"author":2,"featured_media":0,"parent":0,"menu_order":0,"comment_status":"closed","ping_status":"closed","template":"","meta":{"footnotes":""},"class_list":["post-75","page","type-page","status-publish","hentry"],"_links":{"self":[{"href":"https:\/\/ascom.klodzko.pl\/index.php\/wp-json\/wp\/v2\/pages\/75","targetHints":{"allow":["GET"]}}],"collection":[{"href":"https:\/\/ascom.klodzko.pl\/index.php\/wp-json\/wp\/v2\/pages"}],"about":[{"href":"https:\/\/ascom.klodzko.pl\/index.php\/wp-json\/wp\/v2\/types\/page"}],"author":[{"embeddable":true,"href":"https:\/\/ascom.klodzko.pl\/index.php\/wp-json\/wp\/v2\/users\/2"}],"replies":[{"embeddable":true,"href":"https:\/\/ascom.klodzko.pl\/index.php\/wp-json\/wp\/v2\/comments?post=75"}],"version-history":[{"count":7,"href":"https:\/\/ascom.klodzko.pl\/index.php\/wp-json\/wp\/v2\/pages\/75\/revisions"}],"predecessor-version":[{"id":152,"href":"https:\/\/ascom.klodzko.pl\/index.php\/wp-json\/wp\/v2\/pages\/75\/revisions\/152"}],"wp:attachment":[{"href":"https:\/\/ascom.klodzko.pl\/index.php\/wp-json\/wp\/v2\/media?parent=75"}],"curies":[{"name":"wp","href":"https:\/\/api.w.org\/{rel}","templated":true}]}}