{"id":71,"date":"2024-09-07T19:14:03","date_gmt":"2024-09-07T17:14:03","guid":{"rendered":"https:\/\/ascom.klodzko.pl\/?page_id=71"},"modified":"2024-12-27T22:42:05","modified_gmt":"2024-12-27T21:42:05","slug":"tworzenie-rozbudowa-obslugi-sieci-komputerowych","status":"publish","type":"page","link":"https:\/\/ascom.klodzko.pl\/index.php\/tworzenie-rozbudowa-obslugi-sieci-komputerowych\/","title":{"rendered":"Tworzenie, rozbudowa, administracja sieci komputerowych"},"content":{"rendered":"\n<p>Je\u015bli my\u015blisz, \u017ce sie\u0107 komputerowa to tylko kilka kabli i router \u2013 to grubo si\u0119 mylisz! Ale spokojnie, nie musisz si\u0119 martwi\u0107, bo my zajmiemy si\u0119 wszystkim \u2013 od A do Z. Planujesz stworzy\u0107 sie\u0107 w nowym budynku? A mo\u017ce chcesz ulepszy\u0107 ju\u017c istniej\u0105c\u0105? Dobrze trafi\u0142e\u015b! Budowa lub modernizacja sieci komputerowej to nie jest \u0142atwa zabawa, ale na szcz\u0119\u015bcie mamy w tym do\u015bwiadczenie. Wiemy, jak zadba\u0107 o ka\u017cdy szczeg\u00f3\u0142, wi\u0119c ty mo\u017cesz skupi\u0107 si\u0119 na wa\u017cniejszych rzeczach, jak wyb\u00f3r kawy do biura.<\/p>\n\n\n\n<p>Nasza ekipa nie tylko zaprojektuje idealn\u0105 sie\u0107, ale tak\u017ce wybierze najlepsze rozwi\u0105zania technologiczne, zamontuje wszystko i sprawi, \u017ce b\u0119dzie dzia\u0142a\u0107 bez zarzutu. Wszystko to, aby\u015b nie musia\u0142 przejmowa\u0107 si\u0119, \u017ce co\u015b si\u0119 zawiesi w najgorszym mo\u017cliwym momencie. Niezale\u017cnie od tego, czy tworzysz sie\u0107 w domu, czy budujesz zaawansowan\u0105 infrastruktur\u0119 biurow\u0105 \u2013 my dostosujemy rozwi\u0105zania do twoich potrzeb. A je\u015bli ju\u017c masz dzia\u0142aj\u0105c\u0105 sie\u0107, nie martw si\u0119 \u2013 przeprowadzimy optymalizacj\u0119, aby dzia\u0142a\u0142a szybciej, bezpieczniej i bez \u017cadnych zgrzyt\u00f3w.<\/p>\n\n\n\n<p>Zaufaj naszym specjalistom, kt\u00f3rzy doskonale wiedz\u0105, jak zarz\u0105dza\u0107 nowoczesnymi sieciami komputerowymi. Skontaktuj si\u0119 z nami, a my zajmiemy si\u0119 ca\u0142ym tym technicznym zamieszaniem, \u017ceby\u015b ty m\u00f3g\u0142 zaj\u0105\u0107 si\u0119 tym, co naprawd\u0119 wa\u017cne \u2013 jak wygodne biurowe fotele i ostatnia kawa w szklance!<\/p>\n\n\n\n<p><\/p>\n","protected":false},"excerpt":{"rendered":"<p>Je\u015bli my\u015blisz, \u017ce sie\u0107 komputerowa to tylko kilka kabli i router \u2013 to grubo si\u0119 mylisz! Ale spokojnie, nie musisz si\u0119 martwi\u0107, bo my zajmiemy si\u0119 wszystkim \u2013 od A do Z. Planujesz stworzy\u0107 sie\u0107 w nowym budynku? A mo\u017ce chcesz ulepszy\u0107 ju\u017c istniej\u0105c\u0105? Dobrze trafi\u0142e\u015b! Budowa lub modernizacja sieci komputerowej to nie jest \u0142atwa [&hellip;]<\/p>\n","protected":false},"author":2,"featured_media":0,"parent":0,"menu_order":0,"comment_status":"closed","ping_status":"closed","template":"","meta":{"footnotes":""},"class_list":["post-71","page","type-page","status-publish","hentry"],"_links":{"self":[{"href":"https:\/\/ascom.klodzko.pl\/index.php\/wp-json\/wp\/v2\/pages\/71","targetHints":{"allow":["GET"]}}],"collection":[{"href":"https:\/\/ascom.klodzko.pl\/index.php\/wp-json\/wp\/v2\/pages"}],"about":[{"href":"https:\/\/ascom.klodzko.pl\/index.php\/wp-json\/wp\/v2\/types\/page"}],"author":[{"embeddable":true,"href":"https:\/\/ascom.klodzko.pl\/index.php\/wp-json\/wp\/v2\/users\/2"}],"replies":[{"embeddable":true,"href":"https:\/\/ascom.klodzko.pl\/index.php\/wp-json\/wp\/v2\/comments?post=71"}],"version-history":[{"count":7,"href":"https:\/\/ascom.klodzko.pl\/index.php\/wp-json\/wp\/v2\/pages\/71\/revisions"}],"predecessor-version":[{"id":159,"href":"https:\/\/ascom.klodzko.pl\/index.php\/wp-json\/wp\/v2\/pages\/71\/revisions\/159"}],"wp:attachment":[{"href":"https:\/\/ascom.klodzko.pl\/index.php\/wp-json\/wp\/v2\/media?parent=71"}],"curies":[{"name":"wp","href":"https:\/\/api.w.org\/{rel}","templated":true}]}}