{"id":55,"date":"2024-09-07T18:41:40","date_gmt":"2024-09-07T16:41:40","guid":{"rendered":"https:\/\/ascom.klodzko.pl\/?page_id=55"},"modified":"2025-05-11T23:15:28","modified_gmt":"2025-05-11T21:15:28","slug":"kontakt","status":"publish","type":"page","link":"https:\/\/ascom.klodzko.pl\/index.php\/kontakt\/","title":{"rendered":"Kontakt"},"content":{"rendered":"\n<p>Chcesz pogada\u0107? Daj zna\u0107! Czekamy na Twoje pytania, pro\u015bby i wszystkie inne sprawy, kt\u00f3re potrzebujesz za\u0142atwi\u0107. Nie b\u0105d\u017a nie\u015bmia\u0142y \u2013 nie gryziemy (podobno). Skontaktuj si\u0119 z nami i spraw, \u017ceby Twoje IT dzia\u0142a\u0142o tak dobrze, jakby mia\u0142o swojego osobistego superbohatera!<\/p>\n\n\n\n<p><strong>Zadzwo\u0144 &#8211; <\/strong>+48 602 729 781<\/p>\n\n\n\n<p><strong>Napisz<\/strong> <strong>&#8211;<\/strong> <a href=\"mailto:biuro@ascom.klodzko.pl\">biuro@ascom.klodzko.pl<\/a><\/p>\n\n\n\n<hr class=\"wp-block-separator has-alpha-channel-opacity\" style=\"margin-top:var(--wp--preset--spacing--30);margin-bottom:var(--wp--preset--spacing--30)\"\/>\n\n\n\n<p>Znajdziesz nas r\u00f3wnie\u017c na <a href=\"https:\/\/www.facebook.com\/profile.php?id=61550870701004\" data-type=\"link\" data-id=\"https:\/\/www.facebook.com\/profile.php?id=61550870701004\">Facebook&#8217;u<\/a> \ud83d\ude42<\/p>\n\n\n\n<p><\/p>\n","protected":false},"excerpt":{"rendered":"<p>Chcesz pogada\u0107? Daj zna\u0107! Czekamy na Twoje pytania, pro\u015bby i wszystkie inne sprawy, kt\u00f3re potrzebujesz za\u0142atwi\u0107. Nie b\u0105d\u017a nie\u015bmia\u0142y \u2013 nie gryziemy (podobno). Skontaktuj si\u0119 z nami i spraw, \u017ceby Twoje IT dzia\u0142a\u0142o tak dobrze, jakby mia\u0142o swojego osobistego superbohatera! Zadzwo\u0144 &#8211; +48 602 729 781 Napisz &#8211; biuro@ascom.klodzko.pl Znajdziesz nas r\u00f3wnie\u017c na Facebook&#8217;u \ud83d\ude42<\/p>\n","protected":false},"author":2,"featured_media":0,"parent":0,"menu_order":0,"comment_status":"closed","ping_status":"closed","template":"","meta":{"footnotes":""},"class_list":["post-55","page","type-page","status-publish","hentry"],"_links":{"self":[{"href":"https:\/\/ascom.klodzko.pl\/index.php\/wp-json\/wp\/v2\/pages\/55","targetHints":{"allow":["GET"]}}],"collection":[{"href":"https:\/\/ascom.klodzko.pl\/index.php\/wp-json\/wp\/v2\/pages"}],"about":[{"href":"https:\/\/ascom.klodzko.pl\/index.php\/wp-json\/wp\/v2\/types\/page"}],"author":[{"embeddable":true,"href":"https:\/\/ascom.klodzko.pl\/index.php\/wp-json\/wp\/v2\/users\/2"}],"replies":[{"embeddable":true,"href":"https:\/\/ascom.klodzko.pl\/index.php\/wp-json\/wp\/v2\/comments?post=55"}],"version-history":[{"count":6,"href":"https:\/\/ascom.klodzko.pl\/index.php\/wp-json\/wp\/v2\/pages\/55\/revisions"}],"predecessor-version":[{"id":187,"href":"https:\/\/ascom.klodzko.pl\/index.php\/wp-json\/wp\/v2\/pages\/55\/revisions\/187"}],"wp:attachment":[{"href":"https:\/\/ascom.klodzko.pl\/index.php\/wp-json\/wp\/v2\/media?parent=55"}],"curies":[{"name":"wp","href":"https:\/\/api.w.org\/{rel}","templated":true}]}}